{"id":169,"date":"2024-09-07T13:58:38","date_gmt":"2024-09-07T13:58:38","guid":{"rendered":"https:\/\/hugobarraganarq.com\/services\/"},"modified":"2024-09-09T12:53:51","modified_gmt":"2024-09-09T12:53:51","slug":"servicios","status":"publish","type":"page","link":"https:\/\/hugobarraganarq.com\/en\/servicios\/","title":{"rendered":"Services"},"content":{"rendered":"<div data-elementor-type=\"wp-page\" data-elementor-id=\"169\" class=\"elementor elementor-169\" data-elementor-post-type=\"page\">\n\t\t\t\t<div class=\"elementor-element elementor-element-71bee39 e-flex e-con-boxed e-con e-parent\" data-id=\"71bee39\" data-element_type=\"container\" data-settings=\"{&quot;background_background&quot;:&quot;classic&quot;}\">\n\t\t\t\t\t<div class=\"e-con-inner\">\n\t\t\t\t<div class=\"elementor-element elementor-element-b69181b elementor-widget elementor-widget-heading\" data-id=\"b69181b\" data-element_type=\"widget\" data-widget_type=\"heading.default\">\n\t\t\t\t<div class=\"elementor-widget-container\">\n\t\t\t<style>\/*! elementor - v3.23.0 - 05-08-2024 *\/\n.elementor-heading-title{padding:0;margin:0;line-height:1}.elementor-widget-heading .elementor-heading-title[class*=elementor-size-]>a{color:inherit;font-size:inherit;line-height:inherit}.elementor-widget-heading .elementor-heading-title.elementor-size-small{font-size:15px}.elementor-widget-heading .elementor-heading-title.elementor-size-medium{font-size:19px}.elementor-widget-heading .elementor-heading-title.elementor-size-large{font-size:29px}.elementor-widget-heading .elementor-heading-title.elementor-size-xl{font-size:39px}.elementor-widget-heading .elementor-heading-title.elementor-size-xxl{font-size:59px}<\/style><h2 class=\"elementor-heading-title elementor-size-default\">Services<\/h2>\t\t<\/div>\n\t\t\t\t<\/div>\n\t\t\t\t\t<\/div>\n\t\t\t\t<\/div>\n\t\t\t\t<section class=\"elementor-section elementor-top-section elementor-element elementor-element-77c22cf0 elementor-reverse-tablet elementor-reverse-mobile elementor-section-boxed elementor-section-height-default elementor-section-height-default\" data-id=\"77c22cf0\" data-element_type=\"section\">\n\t\t\t\t\t\t<div class=\"elementor-container elementor-column-gap-default\">\n\t\t\t\t\t<div class=\"elementor-column elementor-col-100 elementor-top-column elementor-element elementor-element-4a5be4e4\" data-id=\"4a5be4e4\" data-element_type=\"column\">\n\t\t\t<div class=\"elementor-widget-wrap elementor-element-populated\">\n\t\t\t\t\t\t<div class=\"elementor-element elementor-element-19368319 elementor-widget elementor-widget-heading\" data-id=\"19368319\" data-element_type=\"widget\" data-widget_type=\"heading.default\">\n\t\t\t\t<div class=\"elementor-widget-container\">\n\t\t\t<h2 class=\"elementor-heading-title elementor-size-default\">OUR SERVICES<\/h2>\t\t<\/div>\n\t\t\t\t<\/div>\n\t\t\t\t<div class=\"elementor-element elementor-element-60d1da63 elementor-widget elementor-widget-heading\" data-id=\"60d1da63\" data-element_type=\"widget\" data-widget_type=\"heading.default\">\n\t\t\t\t<div class=\"elementor-widget-container\">\n\t\t\t<h3 class=\"elementor-heading-title elementor-size-default\">Architectural solutions Tailored to Your needs\n\n<\/h3>\t\t<\/div>\n\t\t\t\t<\/div>\n\t\t\t\t<div class=\"elementor-element elementor-element-4594b339 elementor-widget elementor-widget-text-editor\" data-id=\"4594b339\" data-element_type=\"widget\" data-widget_type=\"text-editor.default\">\n\t\t\t\t<div class=\"elementor-widget-container\">\n\t\t\t<style>\/*! elementor - v3.23.0 - 05-08-2024 *\/\n.elementor-widget-text-editor.elementor-drop-cap-view-stacked .elementor-drop-cap{background-color:#69727d;color:#fff}.elementor-widget-text-editor.elementor-drop-cap-view-framed .elementor-drop-cap{color:#69727d;border:3px solid;background-color:transparent}.elementor-widget-text-editor:not(.elementor-drop-cap-view-default) .elementor-drop-cap{margin-top:8px}.elementor-widget-text-editor:not(.elementor-drop-cap-view-default) .elementor-drop-cap-letter{width:1em;height:1em}.elementor-widget-text-editor .elementor-drop-cap{float:left;text-align:center;line-height:1;font-size:50px}.elementor-widget-text-editor .elementor-drop-cap-letter{display:inline-block}<\/style>\t\t\t\t<p>In Hugo Barragan Architecture, we offer a wide range of services tailored to your needs. Since the reform and design of commercial premises until the projects of new construction, we are committed to create spaces that are functional and aesthetically unique. Each project is approached with creativity and precision, ensuring results that exceed your expectations.<\/p>\t\t\t\t\t\t<\/div>\n\t\t\t\t<\/div>\n\t\t\t\t<section class=\"elementor-section elementor-inner-section elementor-element elementor-element-3b605fec elementor-section-boxed elementor-section-height-default elementor-section-height-default\" data-id=\"3b605fec\" data-element_type=\"section\">\n\t\t\t\t\t\t<div class=\"elementor-container elementor-column-gap-default\">\n\t\t\t\t\t<div class=\"elementor-column elementor-col-33 elementor-inner-column elementor-element elementor-element-4e0f272f\" data-id=\"4e0f272f\" data-element_type=\"column\">\n\t\t\t<div class=\"elementor-widget-wrap elementor-element-populated\">\n\t\t\t\t\t\t<div class=\"elementor-element elementor-element-444164d0 elementor-position-top elementor-widget elementor-widget-image-box\" data-id=\"444164d0\" data-element_type=\"widget\" data-widget_type=\"image-box.default\">\n\t\t\t\t<div class=\"elementor-widget-container\">\n\t\t\t<style>\/*! elementor - v3.23.0 - 05-08-2024 *\/\n.elementor-widget-image-box .elementor-image-box-content{width:100%}@media (min-width:768px){.elementor-widget-image-box.elementor-position-left .elementor-image-box-wrapper,.elementor-widget-image-box.elementor-position-right .elementor-image-box-wrapper{display:flex}.elementor-widget-image-box.elementor-position-right .elementor-image-box-wrapper{text-align:end;flex-direction:row-reverse}.elementor-widget-image-box.elementor-position-left .elementor-image-box-wrapper{text-align:start;flex-direction:row}.elementor-widget-image-box.elementor-position-top .elementor-image-box-img{margin:auto}.elementor-widget-image-box.elementor-vertical-align-top .elementor-image-box-wrapper{align-items:flex-start}.elementor-widget-image-box.elementor-vertical-align-middle .elementor-image-box-wrapper{align-items:center}.elementor-widget-image-box.elementor-vertical-align-bottom .elementor-image-box-wrapper{align-items:flex-end}}@media (max-width:767px){.elementor-widget-image-box .elementor-image-box-img{margin-left:auto!important;margin-right:auto!important;margin-bottom:15px}}.elementor-widget-image-box .elementor-image-box-img{display:inline-block}.elementor-widget-image-box .elementor-image-box-title a{color:inherit}.elementor-widget-image-box .elementor-image-box-wrapper{text-align:center}.elementor-widget-image-box .elementor-image-box-description{margin:0}<\/style><div class=\"elementor-image-box-wrapper\"><figure class=\"elementor-image-box-img\"><img fetchpriority=\"high\" decoding=\"async\" width=\"2500\" height=\"2500\" src=\"https:\/\/hugobarraganarq.com\/wp-content\/uploads\/2024\/09\/I14.png\" class=\"attachment-full size-full wp-image-72\" alt=\"\" srcset=\"https:\/\/hugobarraganarq.com\/wp-content\/uploads\/2024\/09\/I14.png 2500w, https:\/\/hugobarraganarq.com\/wp-content\/uploads\/2024\/09\/I14-300x300.png 300w, https:\/\/hugobarraganarq.com\/wp-content\/uploads\/2024\/09\/I14-1024x1024.png 1024w, https:\/\/hugobarraganarq.com\/wp-content\/uploads\/2024\/09\/I14-150x150.png 150w, https:\/\/hugobarraganarq.com\/wp-content\/uploads\/2024\/09\/I14-768x768.png 768w, https:\/\/hugobarraganarq.com\/wp-content\/uploads\/2024\/09\/I14-1536x1536.png 1536w, https:\/\/hugobarraganarq.com\/wp-content\/uploads\/2024\/09\/I14-2048x2048.png 2048w\" sizes=\"(max-width: 2500px) 100vw, 2500px\" \/><\/figure><div class=\"elementor-image-box-content\"><h4 class=\"elementor-image-box-title\">Reforms<\/h4><p class=\"elementor-image-box-description\">We transform and revitalizamos existing spaces, adapting to your changing needs and tastes. Our team handles the entire process, ensuring results functional and aesthetically impeccable.<\/p><\/div><\/div>\t\t<\/div>\n\t\t\t\t<\/div>\n\t\t\t\t\t<\/div>\n\t\t<\/div>\n\t\t\t\t<div class=\"elementor-column elementor-col-33 elementor-inner-column elementor-element elementor-element-3bad9e75\" data-id=\"3bad9e75\" data-element_type=\"column\">\n\t\t\t<div class=\"elementor-widget-wrap elementor-element-populated\">\n\t\t\t\t\t\t<div class=\"elementor-element elementor-element-7f282fb elementor-position-top elementor-widget elementor-widget-image-box\" data-id=\"7f282fb\" data-element_type=\"widget\" data-widget_type=\"image-box.default\">\n\t\t\t\t<div class=\"elementor-widget-container\">\n\t\t\t<div class=\"elementor-image-box-wrapper\"><figure class=\"elementor-image-box-img\"><img decoding=\"async\" width=\"2500\" height=\"2500\" src=\"https:\/\/hugobarraganarq.com\/wp-content\/uploads\/2024\/09\/I13.png\" class=\"attachment-full size-full wp-image-75\" alt=\"\" srcset=\"https:\/\/hugobarraganarq.com\/wp-content\/uploads\/2024\/09\/I13.png 2500w, https:\/\/hugobarraganarq.com\/wp-content\/uploads\/2024\/09\/I13-300x300.png 300w, https:\/\/hugobarraganarq.com\/wp-content\/uploads\/2024\/09\/I13-1024x1024.png 1024w, https:\/\/hugobarraganarq.com\/wp-content\/uploads\/2024\/09\/I13-150x150.png 150w, https:\/\/hugobarraganarq.com\/wp-content\/uploads\/2024\/09\/I13-768x768.png 768w, https:\/\/hugobarraganarq.com\/wp-content\/uploads\/2024\/09\/I13-1536x1536.png 1536w, https:\/\/hugobarraganarq.com\/wp-content\/uploads\/2024\/09\/I13-2048x2048.png 2048w\" sizes=\"(max-width: 2500px) 100vw, 2500px\" \/><\/figure><div class=\"elementor-image-box-content\"><h4 class=\"elementor-image-box-title\">Local<\/h4><p class=\"elementor-image-box-description\">We design and optimize a local business to reflect the identity of your business. We create spaces that improve the customer experience, maximizing its functionality and visual appeal.<\/p><\/div><\/div>\t\t<\/div>\n\t\t\t\t<\/div>\n\t\t\t\t\t<\/div>\n\t\t<\/div>\n\t\t\t\t<div class=\"elementor-column elementor-col-33 elementor-inner-column elementor-element elementor-element-1e2c07ce\" data-id=\"1e2c07ce\" data-element_type=\"column\">\n\t\t\t<div class=\"elementor-widget-wrap elementor-element-populated\">\n\t\t\t\t\t\t<div class=\"elementor-element elementor-element-7cb6497d elementor-position-top elementor-widget elementor-widget-image-box\" data-id=\"7cb6497d\" data-element_type=\"widget\" data-widget_type=\"image-box.default\">\n\t\t\t\t<div class=\"elementor-widget-container\">\n\t\t\t<div class=\"elementor-image-box-wrapper\"><figure class=\"elementor-image-box-img\"><img decoding=\"async\" width=\"2500\" height=\"2500\" src=\"https:\/\/hugobarraganarq.com\/wp-content\/uploads\/2024\/09\/I17.png\" class=\"attachment-full size-full wp-image-74\" alt=\"\" srcset=\"https:\/\/hugobarraganarq.com\/wp-content\/uploads\/2024\/09\/I17.png 2500w, https:\/\/hugobarraganarq.com\/wp-content\/uploads\/2024\/09\/I17-300x300.png 300w, https:\/\/hugobarraganarq.com\/wp-content\/uploads\/2024\/09\/I17-1024x1024.png 1024w, https:\/\/hugobarraganarq.com\/wp-content\/uploads\/2024\/09\/I17-150x150.png 150w, https:\/\/hugobarraganarq.com\/wp-content\/uploads\/2024\/09\/I17-768x768.png 768w, https:\/\/hugobarraganarq.com\/wp-content\/uploads\/2024\/09\/I17-1536x1536.png 1536w, https:\/\/hugobarraganarq.com\/wp-content\/uploads\/2024\/09\/I17-2048x2048.png 2048w\" sizes=\"(max-width: 2500px) 100vw, 2500px\" \/><\/figure><div class=\"elementor-image-box-content\"><h4 class=\"elementor-image-box-title\">New work<\/h4><p class=\"elementor-image-box-description\">We carry out projects of new construction from scratch, designing and building homes and buildings that combine innovation, comfort and efficiency. Every detail is carefully planned to offer you a home with unique and customized.<\/p><\/div><\/div>\t\t<\/div>\n\t\t\t\t<\/div>\n\t\t\t\t\t<\/div>\n\t\t<\/div>\n\t\t\t\t\t<\/div>\n\t\t<\/section>\n\t\t\t\t\t<\/div>\n\t\t<\/div>\n\t\t\t\t\t<\/div>\n\t\t<\/section>\n\t\t\t\t<section class=\"elementor-section elementor-top-section elementor-element elementor-element-a69f9ef elementor-section-full_width elementor-section-height-default elementor-section-height-default\" data-id=\"a69f9ef\" data-element_type=\"section\" data-settings=\"{&quot;background_background&quot;:&quot;classic&quot;}\">\n\t\t\t\t\t\t<div class=\"elementor-container elementor-column-gap-default\">\n\t\t\t\t\t<div class=\"elementor-column elementor-col-100 elementor-top-column elementor-element elementor-element-f8ce20f\" data-id=\"f8ce20f\" data-element_type=\"column\" data-settings=\"{&quot;background_background&quot;:&quot;classic&quot;}\">\n\t\t\t<div class=\"elementor-widget-wrap elementor-element-populated\">\n\t\t\t\t\t<div class=\"elementor-background-overlay\"><\/div>\n\t\t\t\t\t\t<div class=\"elementor-element elementor-element-58e3500 elementor-widget elementor-widget-heading\" data-id=\"58e3500\" data-element_type=\"widget\" data-widget_type=\"heading.default\">\n\t\t\t\t<div class=\"elementor-widget-container\">\n\t\t\t<h2 class=\"elementor-heading-title elementor-size-default\">REALISE YOUR PROJECT<\/h2>\t\t<\/div>\n\t\t\t\t<\/div>\n\t\t\t\t<div class=\"elementor-element elementor-element-795c57b elementor-widget elementor-widget-heading\" data-id=\"795c57b\" data-element_type=\"widget\" data-widget_type=\"heading.default\">\n\t\t\t\t<div class=\"elementor-widget-container\">\n\t\t\t<h3 class=\"elementor-heading-title elementor-size-default\">Start designing the space of your dreams today<\/h3>\t\t<\/div>\n\t\t\t\t<\/div>\n\t\t\t\t<div class=\"elementor-element elementor-element-0493b44 elementor-widget elementor-widget-text-editor\" data-id=\"0493b44\" data-element_type=\"widget\" data-widget_type=\"text-editor.default\">\n\t\t\t\t<div class=\"elementor-widget-container\">\n\t\t\t\t\t\t\t<p>Whether you&#039;re planning a new residence, a remodel or a commercial project, we&#039;re here to help you turn your ideas into reality. Contact us and discover how our team can create the space that you have always imagined.<\/p>\t\t\t\t\t\t<\/div>\n\t\t\t\t<\/div>\n\t\t\t\t<div class=\"elementor-element elementor-element-4406b87 elementor-mobile-align-center elementor-widget elementor-widget-button\" data-id=\"4406b87\" data-element_type=\"widget\" data-widget_type=\"button.default\">\n\t\t\t\t<div class=\"elementor-widget-container\">\n\t\t\t\t\t<div class=\"elementor-button-wrapper\">\n\t\t\t<a class=\"elementor-button elementor-button-link elementor-size-sm\" href=\"https:\/\/hugobarraganarq.com\/en\/contacto\/\">\n\t\t\t\t\t\t<span class=\"elementor-button-content-wrapper\">\n\t\t\t\t\t\t\t\t\t<span class=\"elementor-button-text\">Contact us now<\/span>\n\t\t\t\t\t<\/span>\n\t\t\t\t\t<\/a>\n\t\t<\/div>\n\t\t\t\t<\/div>\n\t\t\t\t<\/div>\n\t\t\t\t\t<\/div>\n\t\t<\/div>\n\t\t\t\t\t<\/div>\n\t\t<\/section>\n\t\t\t\t<\/div>","protected":false},"excerpt":{"rendered":"<p>Servicios NUESTROS SERVICIOS Soluciones Arquitect\u00f3nicas a Tu Medida En Hugo Barrag\u00e1n Arquitectura, ofrecemos una amplia gama de servicios adaptados a tus necesidades. Desde reformas y dise\u00f1o de locales comerciales hasta proyectos de obra nueva, nos comprometemos a crear espacios funcionales y est\u00e9ticamente \u00fanicos. Cada proyecto es abordado con creatividad y precisi\u00f3n, asegurando resultados que superen [&hellip;]<\/p>","protected":false},"author":1,"featured_media":0,"parent":0,"menu_order":0,"comment_status":"closed","ping_status":"closed","template":"elementor_header_footer","meta":{"footnotes":""},"class_list":["post-169","page","type-page","status-publish","hentry"],"_links":{"self":[{"href":"https:\/\/hugobarraganarq.com\/en\/wp-json\/wp\/v2\/pages\/169"}],"collection":[{"href":"https:\/\/hugobarraganarq.com\/en\/wp-json\/wp\/v2\/pages"}],"about":[{"href":"https:\/\/hugobarraganarq.com\/en\/wp-json\/wp\/v2\/types\/page"}],"author":[{"embeddable":true,"href":"https:\/\/hugobarraganarq.com\/en\/wp-json\/wp\/v2\/users\/1"}],"replies":[{"embeddable":true,"href":"https:\/\/hugobarraganarq.com\/en\/wp-json\/wp\/v2\/comments?post=169"}],"version-history":[{"count":11,"href":"https:\/\/hugobarraganarq.com\/en\/wp-json\/wp\/v2\/pages\/169\/revisions"}],"predecessor-version":[{"id":530,"href":"https:\/\/hugobarraganarq.com\/en\/wp-json\/wp\/v2\/pages\/169\/revisions\/530"}],"wp:attachment":[{"href":"https:\/\/hugobarraganarq.com\/en\/wp-json\/wp\/v2\/media?parent=169"}],"curies":[{"name":"wp","href":"https:\/\/api.w.org\/{rel}","templated":true}]}}