{"id":411,"date":"2024-09-07T18:09:47","date_gmt":"2024-09-07T18:09:47","guid":{"rendered":"https:\/\/hugobarraganarq.com\/?page_id=411"},"modified":"2024-09-09T12:59:42","modified_gmt":"2024-09-09T12:59:42","slug":"declaracion-de-privacidad","status":"publish","type":"page","link":"https:\/\/hugobarraganarq.com\/en\/declaracion-de-privacidad\/","title":{"rendered":"Privacy statement"},"content":{"rendered":"<div data-elementor-type=\"wp-page\" data-elementor-id=\"411\" class=\"elementor elementor-411\" data-elementor-post-type=\"page\">\n\t\t\t\t<div class=\"elementor-element elementor-element-08eb9cf e-flex e-con-boxed e-con e-parent\" data-id=\"08eb9cf\" data-element_type=\"container\" data-settings=\"{&quot;background_background&quot;:&quot;classic&quot;}\">\n\t\t\t\t\t<div class=\"e-con-inner\">\n\t\t\t\t\t<\/div>\n\t\t\t\t<\/div>\n\t\t<div class=\"elementor-element elementor-element-3c40017 e-flex e-con-boxed e-con e-parent\" data-id=\"3c40017\" data-element_type=\"container\">\n\t\t\t\t\t<div class=\"e-con-inner\">\n\t\t\t\t<div class=\"elementor-element elementor-element-9f447b2 elementor-widget__width-initial elementor-widget elementor-widget-text-editor\" data-id=\"9f447b2\" data-element_type=\"widget\" data-widget_type=\"text-editor.default\">\n\t\t\t\t<div class=\"elementor-widget-container\">\n\t\t\t<style>\/*! elementor - v3.23.0 - 05-08-2024 *\/\n.elementor-widget-text-editor.elementor-drop-cap-view-stacked .elementor-drop-cap{background-color:#69727d;color:#fff}.elementor-widget-text-editor.elementor-drop-cap-view-framed .elementor-drop-cap{color:#69727d;border:3px solid;background-color:transparent}.elementor-widget-text-editor:not(.elementor-drop-cap-view-default) .elementor-drop-cap{margin-top:8px}.elementor-widget-text-editor:not(.elementor-drop-cap-view-default) .elementor-drop-cap-letter{width:1em;height:1em}.elementor-widget-text-editor .elementor-drop-cap{float:left;text-align:center;line-height:1;font-size:50px}.elementor-widget-text-editor .elementor-drop-cap-letter{display:inline-block}<\/style>\t\t\t\t<p><span style=\"font-weight: 400;\">Hugo Francisco Barrag\u00e1n Hern\u00e1ndez se ha comprometido a hacer su sitio web, de conformidad con el <\/span><a href=\"https:\/\/www.boe.es\/buscar\/act.php?id=BOE-A-2018-12699\"><span style=\"font-weight: 400;\">Real Decreto 1112\/2018, de 7 de septiembre, sobre accesibilidad de los sitios web y aplicaciones para dispositivos m\u00f3viles del sector p\u00fablico<\/span><\/a><span style=\"font-weight: 400;\">.<\/span><\/p><p><span style=\"font-weight: 400;\">Este sitio web est\u00e1 parcialmente<\/span><b> conforme<\/b><span style=\"font-weight: 400;\"> con el <\/span><a href=\"https:\/\/www.boe.es\/diario_boe\/txt.php?id=BOE-A-2018-12699\"><span style=\"font-weight: 400;\">RD 1112\/2018<\/span><\/a><span style=\"font-weight: 400;\"> debido a las excepciones y a la falta de conformidad de los aspectos que se indican a continuaci\u00f3n.<\/span><\/p><h4><span style=\"font-weight: 400;\">Contenido no accesible<\/span><\/h4><p><span style=\"font-weight: 400;\">El contenido que se recoge a continuaci\u00f3n no es accesible por lo siguiente:<\/span><\/p><ul><li style=\"font-weight: 400;\" aria-level=\"1\"><span style=\"font-weight: 400;\">Falta de conformidad con el <\/span><a href=\"https:\/\/www.boe.es\/diario_boe\/txt.php?id=BOE-A-2018-12699\"><span style=\"font-weight: 400;\">RD 1112\/2018<\/span><\/a><span style=\"font-weight: 400;\">:<\/span><ul><li style=\"font-weight: 400;\" aria-level=\"2\"><span style=\"font-weight: 400;\">En el portal pueden existir contenidos en otros idiomas en los que no est\u00e1 etiquetado correctamente el cambio de idioma<\/span><\/li><li style=\"font-weight: 400;\" aria-level=\"2\"><span style=\"font-weight: 400;\">Existen v\u00eddeos sin subt\u00edtulos<\/span><\/li><li style=\"font-weight: 400;\" aria-level=\"2\"><span style=\"font-weight: 400;\">Hay contenido textual sin un contraste suficiente<\/span><\/li><li style=\"font-weight: 400;\" aria-level=\"2\"><span style=\"font-weight: 400;\">Se observa c\u00f3mo en algunos casos el foco no cumple con el m\u00ednimo ratio de contraste requerido<\/span><\/li><li style=\"font-weight: 400;\" aria-level=\"2\"><span style=\"font-weight: 400;\">En alg\u00fan caso puede producirse solapamiento de contenido<\/span><\/li><\/ul><\/li><li style=\"font-weight: 400;\" aria-level=\"1\"><span style=\"font-weight: 400;\">Carga desproporcionada:<\/span><ul><li style=\"font-weight: 400;\" aria-level=\"2\"><span style=\"font-weight: 400;\">No aplica.<\/span><\/li><\/ul><\/li><\/ul><h4><span style=\"font-weight: 400;\">Preparaci\u00f3n de la presente declaraci\u00f3n de accesibilidad<\/span><\/h4><p><span style=\"font-weight: 400;\">La presente declaraci\u00f3n fue preparada el 24 de febrero de 2023.<\/span><\/p><p><span style=\"font-weight: 400;\">El m\u00e9todo empleado para preparar la declaraci\u00f3n ha sido una autoevaluaci\u00f3n llevada a cabo por el propio organismo.<\/span><\/p><p><span style=\"font-weight: 400;\">\u00daltima revisi\u00f3n de la declaraci\u00f3n:24 de febrero de 2023.<\/span><\/p><h4><span style=\"font-weight: 400;\">Observaciones y datos de contacto<\/span><\/h4><h4><span style=\"font-weight: 400;\">Comunicaciones sobre requisitos de accesibilidad<\/span><\/h4><p><span style=\"font-weight: 400;\">Puede realizar comunicaciones sobre requisitos de accesibilidad (art\u00edculo 10.2.a del RD 1112\/2018) como, por ejemplo:<\/span><\/p><ul><li style=\"font-weight: 400;\" aria-level=\"1\"><span style=\"font-weight: 400;\">Informar sobre cualquier posible incumplimiento por parte de este sitio web.<\/span><\/li><li style=\"font-weight: 400;\" aria-level=\"1\"><span style=\"font-weight: 400;\">Transmitir otras dificultades de acceso al contenido.<\/span><\/li><li style=\"font-weight: 400;\" aria-level=\"1\"><span style=\"font-weight: 400;\">Formular cualquier otra consulta o sugerencia de mejora relativa a la accesibilidad del sitio web.<\/span><\/li><\/ul><p><span style=\"font-weight: 400;\">A trav\u00e9s de las siguientes v\u00edas:<\/span><\/p><ul><li style=\"font-weight: 400;\" aria-level=\"1\"><span style=\"font-weight: 400;\">Correo electr\u00f3nico: hugobarraganarchitect@gmail.com<\/span><\/li><li style=\"font-weight: 400;\" aria-level=\"1\"><span style=\"font-weight: 400;\">Tel\u00e9fono: +34637735475<\/span><\/li><\/ul><p><span style=\"font-weight: 400;\">Las comunicaciones ser\u00e1n recibidas y tratadas por la Unidad Responsable de Accesibilidad.<\/span><\/p><h4><span style=\"font-weight: 400;\">Solicitudes de informaci\u00f3n accesible y quejas<\/span><\/h4><p><span style=\"font-weight: 400;\">A trav\u00e9s de nuestros datos de contacto puede presentar quejas de:<\/span><\/p><ul><li style=\"font-weight: 400;\" aria-level=\"1\"><span style=\"font-weight: 400;\">una Queja relativa al cumplimiento de los requisitos del RD 1112\/2018 o<\/span><\/li><li style=\"font-weight: 400;\" aria-level=\"1\"><span style=\"font-weight: 400;\">una Solicitud de Informaci\u00f3n accesible relativa a:<\/span><ul><li style=\"font-weight: 400;\" aria-level=\"2\"><span style=\"font-weight: 400;\">contenidos que est\u00e1n excluidos del \u00e1mbito de aplicaci\u00f3n del RD 1112\/2018 seg\u00fan lo establecido por el art\u00edculo 3, apartado 4<\/span><\/li><li style=\"font-weight: 400;\" aria-level=\"2\"><span style=\"font-weight: 400;\">contenidos que est\u00e1n exentos del cumplimiento de los requisitos de accesibilidad por imponer una carga desproporcionada.<\/span><\/li><\/ul><\/li><\/ul><p><span style=\"font-weight: 400;\">En la Solicitud de informaci\u00f3n accesible, se debe concretar, con toda claridad, los hechos, razones y petici\u00f3n que permitan constatar que se trata de una solicitud razonable y leg\u00edtima.<\/span><\/p><h4><span style=\"font-weight: 400;\">Procedimiento de aplicaci\u00f3n<\/span><\/h4><p><span style=\"font-weight: 400;\">Si una vez realizada una solicitud de informaci\u00f3n accesible o queja, esta hubiera sido desestimada, no se estuviera de acuerdo con la decisi\u00f3n adoptada, o la respuesta no cumpliera los requisitos contemplados en el art\u00edculo 12.5 del RD 1112\/2018, la persona interesada podr\u00e1 iniciar una reclamaci\u00f3n. Igualmente se podr\u00e1 iniciar una reclamaci\u00f3n en el caso de no haber obtenido respuesta.<\/span><\/p><p><span style=\"font-weight: 400;\">Enlace al <\/span><a href=\"https:\/\/sedeminhap.gob.es\/es-ES\/Organos\/SecretariaGeneralTecnica\/Procedimientos\/Paginas\/Default.aspx?IdProcedimiento=1771&amp;p=2\"><span style=\"font-weight: 400;\">procedimiento de reclamaci\u00f3n <\/span><\/a><span style=\"font-weight: 400;\">, que debe dirigir a la Unidad responsable de accesibilidad de este Ministerio, o si la reclamaci\u00f3n es por una actuaci\u00f3n de dicha Unidad, al superior jer\u00e1rquico de \u00e9sta.<\/span><\/p><h4><span style=\"font-weight: 400;\">Contenido opcional<\/span><\/h4><ul><li style=\"font-weight: 400;\" aria-level=\"1\"><span style=\"font-weight: 400;\">La versi\u00f3n actualmente visible de este sitio web es de febrero de 2023 y en esa fecha se hizo la revisi\u00f3n del nivel de accesibilidad vigente en aquel momento.<\/span><\/li><li style=\"font-weight: 400;\" aria-level=\"1\"><span style=\"font-weight: 400;\">Se ha dise\u00f1ado adapt\u00e1ndose a los est\u00e1ndares y normativas vigentes con relaci\u00f3n a la accesibilidad, cumpliendo con los puntos de verificaci\u00f3n de prioridad 2 (AA) definidos en la especificaci\u00f3n de Pautas de Accesibilidad al Contenido en la Web (WCAG 2.1).<\/span><\/li><li style=\"font-weight: 400;\" aria-level=\"1\"><span style=\"font-weight: 400;\">Est\u00e1 optimizado para las \u00faltimas versiones vigentes de Chrome, Edge, Firefox, Safari y Opera.<\/span><\/li><li style=\"font-weight: 400;\" aria-level=\"1\"><span style=\"font-weight: 400;\">Est\u00e1 dise\u00f1ado para su correcta visualizaci\u00f3n en cualquier resoluci\u00f3n y dispositivo de escritorio, tabletas o m\u00f3viles (dise\u00f1o <\/span><i><span style=\"font-weight: 400;\">responsive<\/span><\/i><span style=\"font-weight: 400;\">).<\/span><\/li><li style=\"font-weight: 400;\" aria-level=\"1\"><span style=\"font-weight: 400;\">Utilizaci\u00f3n de texto alternativo en las im\u00e1genes.<\/span><\/li><li style=\"font-weight: 400;\" aria-level=\"1\"><span style=\"font-weight: 400;\">Los enlaces ofrecen detalles de la funci\u00f3n o destino del hiperv\u00ednculo.<\/span><\/li><li style=\"font-weight: 400;\" aria-level=\"1\"><span style=\"font-weight: 400;\">Se ha realizado utilizando HTML5 como lenguaje de marcado y hojas de estilo CSS 3 para su dise\u00f1o.<\/span><\/li><\/ul>\t\t\t\t\t\t<\/div>\n\t\t\t\t<\/div>\n\t\t\t\t\t<\/div>\n\t\t\t\t<\/div>\n\t\t\t\t<\/div>","protected":false},"excerpt":{"rendered":"<p>Hugo Francisco Barrag\u00e1n Hern\u00e1ndez se ha comprometido a hacer su sitio web, de conformidad con el Real Decreto 1112\/2018, de 7 de septiembre, sobre accesibilidad de los sitios web y aplicaciones para dispositivos m\u00f3viles del sector p\u00fablico. Este sitio web est\u00e1 parcialmente conforme con el RD 1112\/2018 debido a las excepciones y a la falta [&hellip;]<\/p>","protected":false},"author":1,"featured_media":0,"parent":0,"menu_order":0,"comment_status":"closed","ping_status":"closed","template":"","meta":{"footnotes":""},"class_list":["post-411","page","type-page","status-publish","hentry"],"_links":{"self":[{"href":"https:\/\/hugobarraganarq.com\/en\/wp-json\/wp\/v2\/pages\/411"}],"collection":[{"href":"https:\/\/hugobarraganarq.com\/en\/wp-json\/wp\/v2\/pages"}],"about":[{"href":"https:\/\/hugobarraganarq.com\/en\/wp-json\/wp\/v2\/types\/page"}],"author":[{"embeddable":true,"href":"https:\/\/hugobarraganarq.com\/en\/wp-json\/wp\/v2\/users\/1"}],"replies":[{"embeddable":true,"href":"https:\/\/hugobarraganarq.com\/en\/wp-json\/wp\/v2\/comments?post=411"}],"version-history":[{"count":16,"href":"https:\/\/hugobarraganarq.com\/en\/wp-json\/wp\/v2\/pages\/411\/revisions"}],"predecessor-version":[{"id":542,"href":"https:\/\/hugobarraganarq.com\/en\/wp-json\/wp\/v2\/pages\/411\/revisions\/542"}],"wp:attachment":[{"href":"https:\/\/hugobarraganarq.com\/en\/wp-json\/wp\/v2\/media?parent=411"}],"curies":[{"name":"wp","href":"https:\/\/api.w.org\/{rel}","templated":true}]}}